{"id":12528,"date":"2022-06-04T03:27:28","date_gmt":"2022-06-04T02:27:28","guid":{"rendered":"https:\/\/xn--carpinteriaydiseortg-j7b.es\/contact\/"},"modified":"2023-03-24T12:07:40","modified_gmt":"2023-03-24T11:07:40","slug":"contact","status":"publish","type":"page","link":"https:\/\/xn--carpinteriaydiseortg-j7b.es\/en\/contact\/","title":{"rendered":"Contact"},"content":{"rendered":"\t\t<div data-elementor-type=\"wp-page\" data-elementor-id=\"12528\" class=\"elementor elementor-12528\" data-elementor-post-type=\"page\">\n\t\t\t\t\t\t<div class=\"elementor-section elementor-top-section elementor-element elementor-element-50a63c6 elementor-section-full_width elementor-section-stretched elementor-section-height-default elementor-section-height-default\" data-id=\"50a63c6\" data-element_type=\"section\" data-e-type=\"section\" data-settings=\"{&quot;stretch_section&quot;:&quot;section-stretched&quot;}\">\n\t\t\t\t\t\t<div class=\"elementor-container elementor-column-gap-no\">\n\t\t\t\t\t<div class=\"elementor-column elementor-col-50 elementor-top-column elementor-element elementor-element-6e69702\" data-id=\"6e69702\" data-element_type=\"column\" data-e-type=\"column\">\n\t\t\t<div class=\"elementor-widget-wrap elementor-element-populated\">\n\t\t\t\t\t\t<div class=\"elementor-section elementor-inner-section elementor-element elementor-element-f5d0912 elementor-section-boxed elementor-section-height-default elementor-section-height-default\" data-id=\"f5d0912\" data-element_type=\"section\" data-e-type=\"section\">\n\t\t\t\t\t\t<div class=\"elementor-container elementor-column-gap-no\">\n\t\t\t\t\t<div class=\"elementor-column elementor-col-50 elementor-inner-column elementor-element elementor-element-81be22a elementor-hidden-tablet_extra elementor-hidden-tablet elementor-hidden-mobile_extra elementor-hidden-mobile\" data-id=\"81be22a\" data-element_type=\"column\" data-e-type=\"column\">\n\t\t\t<div class=\"elementor-widget-wrap\">\n\t\t\t\t\t\t\t<\/div>\n\t\t<\/div>\n\t\t\t\t<div class=\"elementor-column elementor-col-50 elementor-inner-column elementor-element elementor-element-1f241af\" data-id=\"1f241af\" data-element_type=\"column\" data-e-type=\"column\">\n\t\t\t<div class=\"elementor-widget-wrap elementor-element-populated\">\n\t\t\t\t\t\t<div class=\"elementor-element elementor-element-f74ede8 elementor-widget elementor-widget-text-editor\" data-id=\"f74ede8\" data-element_type=\"widget\" data-e-type=\"widget\" data-widget_type=\"text-editor.default\">\n\t\t\t\t<div class=\"elementor-widget-container\">\n\t\t\t\t\t\t\t\t\t<p>OUR CONTACTS<\/p>\n\t\t\t\t\t\t\t\t<\/div>\n\t\t\t\t<\/div>\n\t\t\t\t<div class=\"elementor-element elementor-element-3c82656 elementor-widget elementor-widget-heading\" data-id=\"3c82656\" data-element_type=\"widget\" data-e-type=\"widget\" data-widget_type=\"heading.default\">\n\t\t\t\t<div class=\"elementor-widget-container\">\n\t\t\t\t\t<h2 class=\"elementor-heading-title elementor-size-default\">Contact us<\/h2>\t\t\t\t<\/div>\n\t\t\t\t<\/div>\n\t\t\t\t<div class=\"elementor-element elementor-element-5c57a00 elementor-widget__width-initial elementor-widget-tablet_extra__width-inherit elementor-widget elementor-widget-text-editor\" data-id=\"5c57a00\" data-element_type=\"widget\" data-e-type=\"widget\" data-widget_type=\"text-editor.default\">\n\t\t\t\t<div class=\"elementor-widget-container\">\n\t\t\t\t\t\t\t\t\t<p>Call us, send us an email or complete the contact form and we will contact you.<\/p>\n\t\t\t\t\t\t\t\t<\/div>\n\t\t\t\t<\/div>\n\t\t\t\t<div class=\"elementor-element elementor-element-83dac74 elementor-position-inline-start elementor-view-default elementor-mobile-position-block-start elementor-widget elementor-widget-icon-box\" data-id=\"83dac74\" data-element_type=\"widget\" data-e-type=\"widget\" data-widget_type=\"icon-box.default\">\n\t\t\t\t<div class=\"elementor-widget-container\">\n\t\t\t\t\t\t\t<div class=\"elementor-icon-box-wrapper\">\n\n\t\t\t\t\t\t<div class=\"elementor-icon-box-icon\">\n\t\t\t\t<span  class=\"elementor-icon\">\n\t\t\t\t<i aria-hidden=\"true\" class=\"kitchor-icon- kitchor-icon-home1\"><\/i>\t\t\t\t<\/span>\n\t\t\t<\/div>\n\t\t\t\n\t\t\t\t\t\t<div class=\"elementor-icon-box-content\">\n\n\t\t\t\t\t\t\t\t\t<h3 class=\"elementor-icon-box-title\">\n\t\t\t\t\t\t<span  >\n\t\t\t\t\t\t\tOffice\t\t\t\t\t\t<\/span>\n\t\t\t\t\t<\/h3>\n\t\t\t\t\n\t\t\t\t\t\t\t\t\t<p class=\"elementor-icon-box-description\">\n\t\t\t\t\t\tCtra. Benamaurel, km 1<br> 18800 Baza, Granada \t\t\t\t\t<\/p>\n\t\t\t\t\n\t\t\t<\/div>\n\t\t\t\n\t\t<\/div>\n\t\t\t\t\t\t<\/div>\n\t\t\t\t<\/div>\n\t\t\t\t<div class=\"elementor-element elementor-element-8484d76 elementor-position-inline-start elementor-view-default elementor-mobile-position-block-start elementor-widget elementor-widget-icon-box\" data-id=\"8484d76\" data-element_type=\"widget\" data-e-type=\"widget\" data-widget_type=\"icon-box.default\">\n\t\t\t\t<div class=\"elementor-widget-container\">\n\t\t\t\t\t\t\t<div class=\"elementor-icon-box-wrapper\">\n\n\t\t\t\t\t\t<div class=\"elementor-icon-box-icon\">\n\t\t\t\t<span  class=\"elementor-icon\">\n\t\t\t\t<i aria-hidden=\"true\" class=\"kitchor-icon- kitchor-icon-phone-alt\"><\/i>\t\t\t\t<\/span>\n\t\t\t<\/div>\n\t\t\t\n\t\t\t\t\t\t<div class=\"elementor-icon-box-content\">\n\n\t\t\t\t\t\t\t\t\t<h3 class=\"elementor-icon-box-title\">\n\t\t\t\t\t\t<span  >\n\t\t\t\t\t\t\tTelephones\t\t\t\t\t\t<\/span>\n\t\t\t\t\t<\/h3>\n\t\t\t\t\n\t\t\t\t\t\t\t\t\t<p class=\"elementor-icon-box-description\">\n\t\t\t\t\t\t(+34) 958 70 08 16  <br>\n(+34) 655 58 23 42  <br>\n(+34) 615 35 19 40\t\t\t\t\t<\/p>\n\t\t\t\t\n\t\t\t<\/div>\n\t\t\t\n\t\t<\/div>\n\t\t\t\t\t\t<\/div>\n\t\t\t\t<\/div>\n\t\t\t\t<div class=\"elementor-element elementor-element-1ceb150 elementor-position-inline-start elementor-view-default elementor-mobile-position-block-start elementor-widget elementor-widget-icon-box\" data-id=\"1ceb150\" data-element_type=\"widget\" data-e-type=\"widget\" data-widget_type=\"icon-box.default\">\n\t\t\t\t<div class=\"elementor-widget-container\">\n\t\t\t\t\t\t\t<div class=\"elementor-icon-box-wrapper\">\n\n\t\t\t\t\t\t<div class=\"elementor-icon-box-icon\">\n\t\t\t\t<span  class=\"elementor-icon\">\n\t\t\t\t<i aria-hidden=\"true\" class=\"kitchor-icon- kitchor-icon-envelope-1\"><\/i>\t\t\t\t<\/span>\n\t\t\t<\/div>\n\t\t\t\n\t\t\t\t\t\t<div class=\"elementor-icon-box-content\">\n\n\t\t\t\t\t\t\t\t\t<h3 class=\"elementor-icon-box-title\">\n\t\t\t\t\t\t<span  >\n\t\t\t\t\t\t\tEmail\t\t\t\t\t\t<\/span>\n\t\t\t\t\t<\/h3>\n\t\t\t\t\n\t\t\t\t\t\t\t\t\t<p class=\"elementor-icon-box-description\">\n\t\t\t\t\t\tinfo@carpinteriaydise\u00f1ortg.es\t\t\t\t\t<\/p>\n\t\t\t\t\n\t\t\t<\/div>\n\t\t\t\n\t\t<\/div>\n\t\t\t\t\t\t<\/div>\n\t\t\t\t<\/div>\n\t\t\t\t\t<\/div>\n\t\t<\/div>\n\t\t\t\t\t<\/div>\n\t\t<\/div>\n\t\t\t\t\t<\/div>\n\t\t<\/div>\n\t\t\t\t<div class=\"elementor-column elementor-col-50 elementor-top-column elementor-element elementor-element-4a7c98e\" data-id=\"4a7c98e\" data-element_type=\"column\" data-e-type=\"column\">\n\t\t\t<div class=\"elementor-widget-wrap elementor-element-populated\">\n\t\t\t\t\t\t<div class=\"elementor-element elementor-element-2f461ab elementor-widget elementor-widget-google_maps\" data-id=\"2f461ab\" data-element_type=\"widget\" data-e-type=\"widget\" data-widget_type=\"google_maps.default\">\n\t\t\t\t<div class=\"elementor-widget-container\">\n\t\t\t\t\t\t\t<div class=\"elementor-custom-embed\">\n\t\t\t<iframe loading=\"lazy\"\n\t\t\t\t\tsrc=\"https:\/\/maps.google.com\/maps?q=Carretera%20Benamaurel%20km1%2C%20Baza%2C%20Spain&#038;t=m&#038;z=17&#038;output=embed&#038;iwloc=near\"\n\t\t\t\t\ttitle=\"Carretera Benamaurel km1, Baza, Spain\"\n\t\t\t\t\taria-label=\"Carretera Benamaurel km1, Baza, Spain\"\n\t\t\t><\/iframe>\n\t\t<\/div>\n\t\t\t\t\t\t<\/div>\n\t\t\t\t<\/div>\n\t\t\t\t\t<\/div>\n\t\t<\/div>\n\t\t\t\t\t<\/div>\n\t\t<\/div>\n\t\t\t\t<div class=\"elementor-section elementor-top-section elementor-element elementor-element-287dde3 elementor-section-full_width elementor-section-stretched elementor-section-height-default elementor-section-height-default\" data-id=\"287dde3\" data-element_type=\"section\" data-e-type=\"section\" data-settings=\"{&quot;stretch_section&quot;:&quot;section-stretched&quot;}\">\n\t\t\t\t\t\t<div class=\"elementor-container elementor-column-gap-no\">\n\t\t\t\t\t<div class=\"elementor-column elementor-col-50 elementor-top-column elementor-element elementor-element-1063c6c\" data-id=\"1063c6c\" data-element_type=\"column\" data-e-type=\"column\" data-settings=\"{&quot;background_background&quot;:&quot;classic&quot;}\">\n\t\t\t<div class=\"elementor-widget-wrap elementor-element-populated\">\n\t\t\t\t\t\t<div class=\"elementor-element elementor-element-0a7503e elementor-widget elementor-widget-spacer\" data-id=\"0a7503e\" data-element_type=\"widget\" data-e-type=\"widget\" data-widget_type=\"spacer.default\">\n\t\t\t\t<div class=\"elementor-widget-container\">\n\t\t\t\t\t\t\t<div class=\"elementor-spacer\">\n\t\t\t<div class=\"elementor-spacer-inner\"><\/div>\n\t\t<\/div>\n\t\t\t\t\t\t<\/div>\n\t\t\t\t<\/div>\n\t\t\t\t\t<\/div>\n\t\t<\/div>\n\t\t\t\t<div class=\"elementor-column elementor-col-50 elementor-top-column elementor-element elementor-element-731a309\" data-id=\"731a309\" data-element_type=\"column\" data-e-type=\"column\">\n\t\t\t<div class=\"elementor-widget-wrap elementor-element-populated\">\n\t\t\t\t\t\t<div class=\"elementor-element elementor-element-e734e41 elementor-widget elementor-widget-heading\" data-id=\"e734e41\" data-element_type=\"widget\" data-e-type=\"widget\" data-widget_type=\"heading.default\">\n\t\t\t\t<div class=\"elementor-widget-container\">\n\t\t\t\t\t<h2 class=\"elementor-heading-title elementor-size-default\">We would love to hear from you<\/h2>\t\t\t\t<\/div>\n\t\t\t\t<\/div>\n\t\t\t\t<div class=\"elementor-element elementor-element-41e6549 elementor-widget elementor-widget-text-editor\" data-id=\"41e6549\" data-element_type=\"widget\" data-e-type=\"widget\" data-widget_type=\"text-editor.default\">\n\t\t\t\t<div class=\"elementor-widget-container\">\n\t\t\t\t\t\t\t\t\t<p>Your contact details will not be published. Required fields will be marked by *<\/p>\n\t\t\t\t\t\t\t\t<\/div>\n\t\t\t\t<\/div>\n\t\t\t\t<div class=\"elementor-element elementor-element-31ff9b2 elementor-widget__width-initial contact-form-align-center elementor-widget elementor-widget-kitchor-contactform\" data-id=\"31ff9b2\" data-element_type=\"widget\" data-e-type=\"widget\" data-widget_type=\"kitchor-contactform.default\">\n\t\t\t\t<div class=\"elementor-widget-container\">\n\t\t\t\t\t\n<div class=\"wpcf7 no-js\" id=\"wpcf7-f11035-o1\" lang=\"en-US\" dir=\"ltr\" data-wpcf7-id=\"11035\">\n<div class=\"screen-reader-response\"><p role=\"status\" aria-live=\"polite\" aria-atomic=\"true\"><\/p> <ul><\/ul><\/div>\n<form action=\"\/en\/wp-json\/wp\/v2\/pages\/12528#wpcf7-f11035-o1\" method=\"post\" class=\"wpcf7-form init\" aria-label=\"Contact form\" novalidate=\"novalidate\" data-status=\"init\">\n<fieldset class=\"hidden-fields-container\"><input type=\"hidden\" name=\"_wpcf7\" value=\"11035\" \/><input type=\"hidden\" name=\"_wpcf7_version\" value=\"6.1.5\" \/><input type=\"hidden\" name=\"_wpcf7_locale\" value=\"en_US\" \/><input type=\"hidden\" name=\"_wpcf7_unit_tag\" value=\"wpcf7-f11035-o1\" \/><input type=\"hidden\" name=\"_wpcf7_container_post\" value=\"0\" \/><input type=\"hidden\" name=\"_wpcf7_posted_data_hash\" value=\"\" \/><input type=\"hidden\" name=\"_wpcf7_recaptcha_response\" value=\"\" \/>\n<\/fieldset>\n<div class=\"row row-form\">\n\t<div class=\"column-tablet-6 column-12\">\n\t\t<p><span class=\"wpcf7-form-control-wrap\" data-name=\"your-name\"><input size=\"40\" maxlength=\"400\" class=\"wpcf7-form-control wpcf7-text wpcf7-validates-as-required\" id=\"form-name-2\" aria-required=\"true\" aria-invalid=\"false\" placeholder=\"Nombre *\" value=\"\" type=\"text\" name=\"your-name\" \/><\/span>\n\t\t<\/p>\n\t<\/div>\n\t<div class=\"column-tablet-6 column-12\">\n\t\t<p><span class=\"wpcf7-form-control-wrap\" data-name=\"your-email\"><input size=\"40\" maxlength=\"400\" class=\"wpcf7-form-control wpcf7-email wpcf7-validates-as-required wpcf7-text wpcf7-validates-as-email\" id=\"form-email-2\" aria-required=\"true\" aria-invalid=\"false\" placeholder=\"Email *\" value=\"\" type=\"email\" name=\"your-email\" \/><\/span>\n\t\t<\/p>\n\t<\/div>\n<\/div>\n<div class=\"row row-form\">\n\t<div class=\"column-12\">\n\t\t<p><span class=\"wpcf7-form-control-wrap\" data-name=\"number-210\"><input class=\"wpcf7-form-control wpcf7-number wpcf7-validates-as-required wpcf7-validates-as-number\" aria-required=\"true\" aria-invalid=\"false\" placeholder=\"Tu tel\u00e9fono *\" value=\"\" type=\"number\" name=\"number-210\" \/><\/span>\n\t\t<\/p>\n\t<\/div>\n<\/div>\n<div class=\"row row-form\">\n\t<div class=\"column-12\">\n\t\t<p><span class=\"wpcf7-form-control-wrap\" data-name=\"your-message\"><textarea cols=\"40\" rows=\"5\" maxlength=\"2000\" class=\"wpcf7-form-control wpcf7-textarea wpcf7-validates-as-required\" aria-required=\"true\" aria-invalid=\"false\" name=\"your-message\">Tu mensaje *<\/textarea><\/span>\n\t\t<\/p>\n\t<\/div>\n<\/div>\n<div>\n\t<p><span class=\"wpcf7-form-control-wrap\" data-name=\"acceptance-246\"><span class=\"wpcf7-form-control wpcf7-acceptance optional\"><span class=\"wpcf7-list-item\"><label><input type=\"checkbox\" name=\"acceptance-246\" value=\"1\" aria-invalid=\"false\" \/><span class=\"wpcf7-list-item-label\"><p style=\"font-size:10px;text-align:justify\"><b> He le\u00eddo y acepto la <a href=\"\/politica-de-privacidad\/\" target=\"_blank\" rel=\"noopener\">Pol\u00edtica de Privacidad<\/a>.<\/span><\/label><\/span><\/span><\/span>\n\t<\/p>\n\t<p style=\"font-size:10px;text-align:justify\">Responsable: RAMON TORRES GONZALEZ, S.L. Finalidad: atender tu consulta o solicitud. Legitimaci\u00f3n: consentimiento del interesado y, en su caso, aplicaci\u00f3n de medidas precontractuales a petici\u00f3n del interesado. Destinatarios: no se ceder\u00e1n datos a terceros, salvo obligaci\u00f3n legal o proveedores que presten servicios al responsable. Derechos: acceso, rectificaci\u00f3n, supresi\u00f3n, oposici\u00f3n, limitaci\u00f3n y portabilidad, as\u00ed como retirar el consentimiento en cualquier momento. M\u00e1s informaci\u00f3n en nuestra <a href=\"\/politica-de-privacidad\/\" target=\"_blank\" rel=\"noopener\">Pol\u00edtica de Privacidad<\/a>.\n\t<\/p>\n<\/div>\n<div class=\"wpcf7-button-1\">\n\t<p><button  type=\"submit\" value=\"Submit\"><span>Enviar<\/span><\/button>\n\t<\/p>\n<\/div><div class=\"wpcf7-response-output\" aria-hidden=\"true\"><\/div>\n<\/form>\n<\/div>\n\t\t\t\t<\/div>\n\t\t\t\t<\/div>\n\t\t\t\t\t<\/div>\n\t\t<\/div>\n\t\t\t\t\t<\/div>\n\t\t<\/div>\n\t\t\t\t<\/div>\n\t\t","protected":false},"excerpt":{"rendered":"<p>OUR CONTACTS Contact us Call us, send us an email or complete the contact form and we will contact you. Office Ctra. Benamaurel, km 1 18800 Baza, Granada Telephones (+34) 958 70 08 16 (+34) 655 58 23 42 (+34) 615 35 19 40 Email info@carpinteriaydise\u00f1ortg.es We would love to hear from you Your contact [&hellip;]<\/p>\n","protected":false},"author":1,"featured_media":0,"parent":0,"menu_order":0,"comment_status":"closed","ping_status":"closed","template":"","meta":{"inline_featured_image":false,"footnotes":""},"class_list":["post-12528","page","type-page","status-publish","hentry"],"yoast_head":"<!-- This site is optimized with the Yoast SEO Premium plugin v18.2.1 (Yoast SEO v27.1.1) - https:\/\/yoast.com\/product\/yoast-seo-premium-wordpress\/ -->\n<title>Contact - Carpinteria y Dise\u00f1o Ram\u00f3n Torres - Baza<\/title>\n<meta name=\"robots\" content=\"index, follow, max-snippet:-1, max-image-preview:large, max-video-preview:-1\" \/>\n<link rel=\"canonical\" href=\"https:\/\/xn--carpinteriaydiseortg-j7b.es\/contacto\/\" \/>\n<meta property=\"og:locale\" content=\"en_US\" \/>\n<meta property=\"og:type\" content=\"article\" \/>\n<meta property=\"og:title\" content=\"Contact\" \/>\n<meta property=\"og:description\" content=\"OUR CONTACTS Contact us Call us, send us an email or complete the contact form and we will contact you. Office Ctra. Benamaurel, km 1 18800 Baza, Granada Telephones (+34) 958 70 08 16 (+34) 655 58 23 42 (+34) 615 35 19 40 Email info@carpinteriaydise\u00f1ortg.es We would love to hear from you Your contact [&hellip;]\" \/>\n<meta property=\"og:url\" content=\"https:\/\/xn--carpinteriaydiseortg-j7b.es\/contacto\/\" \/>\n<meta property=\"og:site_name\" content=\"Carpinteria y Dise\u00f1o Ram\u00f3n Torres - Baza\" \/>\n<meta property=\"article:modified_time\" content=\"2023-03-24T11:07:40+00:00\" \/>\n<meta name=\"twitter:card\" content=\"summary_large_image\" \/>\n<meta name=\"twitter:label1\" content=\"Est. reading time\" \/>\n\t<meta name=\"twitter:data1\" content=\"2 minutes\" \/>\n<script type=\"application\/ld+json\" class=\"yoast-schema-graph\">{\"@context\":\"https:\/\/schema.org\",\"@graph\":[{\"@type\":\"WebPage\",\"@id\":\"https:\/\/xn--carpinteriaydiseortg-j7b.es\/contacto\/\",\"url\":\"https:\/\/xn--carpinteriaydiseortg-j7b.es\/contacto\/\",\"name\":\"Contact - Carpinteria y Dise\u00f1o Ram\u00f3n Torres - Baza\",\"isPartOf\":{\"@id\":\"https:\/\/xn--carpinteriaydiseortg-j7b.es\/#website\"},\"datePublished\":\"2022-06-04T02:27:28+00:00\",\"dateModified\":\"2023-03-24T11:07:40+00:00\",\"breadcrumb\":{\"@id\":\"https:\/\/xn--carpinteriaydiseortg-j7b.es\/contacto\/#breadcrumb\"},\"inLanguage\":\"en-US\",\"potentialAction\":[{\"@type\":\"ReadAction\",\"target\":[\"https:\/\/xn--carpinteriaydiseortg-j7b.es\/contacto\/\"]}]},{\"@type\":\"BreadcrumbList\",\"@id\":\"https:\/\/xn--carpinteriaydiseortg-j7b.es\/contacto\/#breadcrumb\",\"itemListElement\":[{\"@type\":\"ListItem\",\"position\":1,\"name\":\"Portada\",\"item\":\"https:\/\/xn--carpinteriaydiseortg-j7b.es\/\"},{\"@type\":\"ListItem\",\"position\":2,\"name\":\"Contact\"}]},{\"@type\":\"WebSite\",\"@id\":\"https:\/\/xn--carpinteriaydiseortg-j7b.es\/#website\",\"url\":\"https:\/\/xn--carpinteriaydiseortg-j7b.es\/\",\"name\":\"Carpinteria y Dise\u00f1o Ram\u00f3n Torres - Baza\",\"description\":\"Dise\u00f1o y fabricaci\u00f3n de todo tipo de mobiliario a medida, combinando el proceso artesanal con la tecnolog\u00eda m\u00e1s actualizada.\",\"publisher\":{\"@id\":\"https:\/\/xn--carpinteriaydiseortg-j7b.es\/#organization\"},\"potentialAction\":[{\"@type\":\"SearchAction\",\"target\":{\"@type\":\"EntryPoint\",\"urlTemplate\":\"https:\/\/xn--carpinteriaydiseortg-j7b.es\/?s={search_term_string}\"},\"query-input\":{\"@type\":\"PropertyValueSpecification\",\"valueRequired\":true,\"valueName\":\"search_term_string\"}}],\"inLanguage\":\"en-US\"},{\"@type\":[\"Organization\",\"Place\"],\"@id\":\"https:\/\/xn--carpinteriaydiseortg-j7b.es\/#organization\",\"name\":\"RAMON TORRES GONZALEZ\",\"url\":\"https:\/\/xn--carpinteriaydiseortg-j7b.es\/\",\"logo\":{\"@id\":\"https:\/\/xn--carpinteriaydiseortg-j7b.es\/contacto\/#local-main-organization-logo\"},\"image\":{\"@id\":\"https:\/\/xn--carpinteriaydiseortg-j7b.es\/contacto\/#local-main-organization-logo\"},\"openingHoursSpecification\":[{\"@type\":\"OpeningHoursSpecification\",\"dayOfWeek\":[\"Monday\",\"Tuesday\",\"Wednesday\",\"Thursday\",\"Friday\",\"Saturday\",\"Sunday\"],\"opens\":\"09:00\",\"closes\":\"17:00\"}]},{\"@type\":\"ImageObject\",\"inLanguage\":\"en-US\",\"@id\":\"https:\/\/xn--carpinteriaydiseortg-j7b.es\/contacto\/#local-main-organization-logo\",\"url\":\"https:\/\/xn--carpinteriaydiseortg-j7b.es\/wp-content\/uploads\/2023\/03\/Logo_web_carpinteriaRT.png\",\"contentUrl\":\"https:\/\/xn--carpinteriaydiseortg-j7b.es\/wp-content\/uploads\/2023\/03\/Logo_web_carpinteriaRT.png\",\"width\":389,\"height\":285,\"caption\":\"RAMON TORRES GONZALEZ\"}]}<\/script>\n<!-- \/ Yoast SEO Premium plugin. -->","yoast_head_json":{"title":"Contact - Carpinteria y Dise\u00f1o Ram\u00f3n Torres - Baza","robots":{"index":"index","follow":"follow","max-snippet":"max-snippet:-1","max-image-preview":"max-image-preview:large","max-video-preview":"max-video-preview:-1"},"canonical":"https:\/\/xn--carpinteriaydiseortg-j7b.es\/contacto\/","og_locale":"en_US","og_type":"article","og_title":"Contact","og_description":"OUR CONTACTS Contact us Call us, send us an email or complete the contact form and we will contact you. Office Ctra. Benamaurel, km 1 18800 Baza, Granada Telephones (+34) 958 70 08 16 (+34) 655 58 23 42 (+34) 615 35 19 40 Email info@carpinteriaydise\u00f1ortg.es We would love to hear from you Your contact [&hellip;]","og_url":"https:\/\/xn--carpinteriaydiseortg-j7b.es\/contacto\/","og_site_name":"Carpinteria y Dise\u00f1o Ram\u00f3n Torres - Baza","article_modified_time":"2023-03-24T11:07:40+00:00","twitter_card":"summary_large_image","twitter_misc":{"Est. reading time":"2 minutes"},"schema":{"@context":"https:\/\/schema.org","@graph":[{"@type":"WebPage","@id":"https:\/\/xn--carpinteriaydiseortg-j7b.es\/contacto\/","url":"https:\/\/xn--carpinteriaydiseortg-j7b.es\/contacto\/","name":"Contact - Carpinteria y Dise\u00f1o Ram\u00f3n Torres - Baza","isPartOf":{"@id":"https:\/\/xn--carpinteriaydiseortg-j7b.es\/#website"},"datePublished":"2022-06-04T02:27:28+00:00","dateModified":"2023-03-24T11:07:40+00:00","breadcrumb":{"@id":"https:\/\/xn--carpinteriaydiseortg-j7b.es\/contacto\/#breadcrumb"},"inLanguage":"en-US","potentialAction":[{"@type":"ReadAction","target":["https:\/\/xn--carpinteriaydiseortg-j7b.es\/contacto\/"]}]},{"@type":"BreadcrumbList","@id":"https:\/\/xn--carpinteriaydiseortg-j7b.es\/contacto\/#breadcrumb","itemListElement":[{"@type":"ListItem","position":1,"name":"Portada","item":"https:\/\/xn--carpinteriaydiseortg-j7b.es\/"},{"@type":"ListItem","position":2,"name":"Contact"}]},{"@type":"WebSite","@id":"https:\/\/xn--carpinteriaydiseortg-j7b.es\/#website","url":"https:\/\/xn--carpinteriaydiseortg-j7b.es\/","name":"Carpinteria y Dise\u00f1o Ram\u00f3n Torres - Baza","description":"Dise\u00f1o y fabricaci\u00f3n de todo tipo de mobiliario a medida, combinando el proceso artesanal con la tecnolog\u00eda m\u00e1s actualizada.","publisher":{"@id":"https:\/\/xn--carpinteriaydiseortg-j7b.es\/#organization"},"potentialAction":[{"@type":"SearchAction","target":{"@type":"EntryPoint","urlTemplate":"https:\/\/xn--carpinteriaydiseortg-j7b.es\/?s={search_term_string}"},"query-input":{"@type":"PropertyValueSpecification","valueRequired":true,"valueName":"search_term_string"}}],"inLanguage":"en-US"},{"@type":["Organization","Place"],"@id":"https:\/\/xn--carpinteriaydiseortg-j7b.es\/#organization","name":"RAMON TORRES GONZALEZ","url":"https:\/\/xn--carpinteriaydiseortg-j7b.es\/","logo":{"@id":"https:\/\/xn--carpinteriaydiseortg-j7b.es\/contacto\/#local-main-organization-logo"},"image":{"@id":"https:\/\/xn--carpinteriaydiseortg-j7b.es\/contacto\/#local-main-organization-logo"},"openingHoursSpecification":[{"@type":"OpeningHoursSpecification","dayOfWeek":["Monday","Tuesday","Wednesday","Thursday","Friday","Saturday","Sunday"],"opens":"09:00","closes":"17:00"}]},{"@type":"ImageObject","inLanguage":"en-US","@id":"https:\/\/xn--carpinteriaydiseortg-j7b.es\/contacto\/#local-main-organization-logo","url":"https:\/\/xn--carpinteriaydiseortg-j7b.es\/wp-content\/uploads\/2023\/03\/Logo_web_carpinteriaRT.png","contentUrl":"https:\/\/xn--carpinteriaydiseortg-j7b.es\/wp-content\/uploads\/2023\/03\/Logo_web_carpinteriaRT.png","width":389,"height":285,"caption":"RAMON TORRES GONZALEZ"}]}},"_links":{"self":[{"href":"https:\/\/xn--carpinteriaydiseortg-j7b.es\/en\/wp-json\/wp\/v2\/pages\/12528","targetHints":{"allow":["GET"]}}],"collection":[{"href":"https:\/\/xn--carpinteriaydiseortg-j7b.es\/en\/wp-json\/wp\/v2\/pages"}],"about":[{"href":"https:\/\/xn--carpinteriaydiseortg-j7b.es\/en\/wp-json\/wp\/v2\/types\/page"}],"author":[{"embeddable":true,"href":"https:\/\/xn--carpinteriaydiseortg-j7b.es\/en\/wp-json\/wp\/v2\/users\/1"}],"replies":[{"embeddable":true,"href":"https:\/\/xn--carpinteriaydiseortg-j7b.es\/en\/wp-json\/wp\/v2\/comments?post=12528"}],"version-history":[{"count":2,"href":"https:\/\/xn--carpinteriaydiseortg-j7b.es\/en\/wp-json\/wp\/v2\/pages\/12528\/revisions"}],"predecessor-version":[{"id":12565,"href":"https:\/\/xn--carpinteriaydiseortg-j7b.es\/en\/wp-json\/wp\/v2\/pages\/12528\/revisions\/12565"}],"wp:attachment":[{"href":"https:\/\/xn--carpinteriaydiseortg-j7b.es\/en\/wp-json\/wp\/v2\/media?parent=12528"}],"curies":[{"name":"wp","href":"https:\/\/api.w.org\/{rel}","templated":true}]}}